{"id":49,"date":"2022-05-12T12:53:38","date_gmt":"2022-05-12T09:53:38","guid":{"rendered":"http:\/\/sw-themes.com\/porto_dummy\/?page_id=49"},"modified":"2023-10-29T21:30:32","modified_gmt":"2023-10-29T18:30:32","slug":"iletisim","status":"publish","type":"page","link":"https:\/\/kurumsal.mixdijital.com\/index.php\/iletisim\/","title":{"rendered":"\u0130leti\u015fim"},"content":{"rendered":"<div class=\"wpb-content-wrapper\"><p>[vc_row wrap_container=&#8221;yes&#8221; conditional_render=&#8221;%5B%7B%22value_role%22%3A%22administrator%22%7D%5D&#8221; css=&#8221;.vc_custom_1675858264111{background-color: #5f6c77 !important;}&#8221; el_class=&#8221;p-t-xxl p-b-xxl overflow-hidden&#8221; el_id=&#8221;contact-form&#8221;][vc_column conditional_render=&#8221;%5B%7B%22value_role%22%3A%22administrator%22%7D%5D&#8221; el_class=&#8221;mt-5 pt-1&#8243;][vc_raw_html el_class=&#8221;position-absolute svg-2 opacity-2 mb-0&#8243; css=&#8221;.vc_custom_1653439379470{margin-top: 12px !important;}&#8221;]JTNDc3ZnJTIweG1sbnMlM0QlMjJodHRwJTNBJTJGJTJGd3d3LnczLm9yZyUyRjIwMDAlMkZzdmclMjIlMjB4bWxucyUzQXhsaW5rJTNEJTIyaHR0cCUzQSUyRiUyRnd3dy53My5vcmclMkYxOTk5JTJGeGxpbmslMjIlMjBjbGFzcyUzRCUyMmQtbm9uZSUyMGQtbGctYmxvY2slMjIlMjB4JTNEJTIyMHB4JTIyJTIweSUzRCUyMjBweCUyMiUyMHZpZXdCb3glM0QlMjIwJTIwMCUyMDE2ODYuODglMjAxMDk1Ljg2JTIyJTIwZGF0YS1hcHBlYXItYW5pbWF0aW9uLXN2ZyUzRCUyMjElMjIlM0UlM0NwYXRoJTIwY2xhc3MlM0QlMjJhcHBlYXItYW5pbWF0aW9uJTIwYW5pbWF0ZWQlMjBjdXN0b21MaW5lczFhbmltJTIwYXBwZWFyLWFuaW1hdGlvbi12aXNpYmxlJTIyJTIwZGF0YS1wbHVnaW4tb3B0aW9ucyUzRCUyMiU3QiUyN2FjY1klMjclM0ElMjAtNTAwJTJDJTIwJTI3Zm9yY2VBbmltYXRpb24lMjclM0ElMjB0cnVlJTdEJTIyJTIwZGF0YS1hcHBlYXItYW5pbWF0aW9uJTNEJTIyY3VzdG9tTGluZXMxYW5pbSUyMiUyMGRhdGEtYXBwZWFyLWFuaW1hdGlvbi1kZWxheSUzRCUyMjEwMCUyMiUyMGRhdGEtYXBwZWFyLWFuaW1hdGlvbi1kdXJhdGlvbiUzRCUyMjdzJTIyJTIwZmlsbCUzRCUyMm5vbmUlMjIlMjBzdHJva2UlM0QlMjIlMjNkOGQ4ZDglMjIlMjBzdHJva2Utd2lkdGglM0QlMjIycHglMjIlMjBzdHJva2UtbWl0ZXJsaW1pdCUzRCUyMjEwJTIyJTIwZCUzRCUyMk04Ny45NSUyQzEuNGM2LjgyJTJDOS4xNCUyQzE1LjUzJTJDMjEuNTklMkMyNC42OCUyQzM2Ljk0YzYuODIlMkMxMS40NSUyQzI3LjE4JTJDNDYuODIlMkM0Mi41NSUyQzk2LjUxJTIwJTIwJTIwJTIwJTIwJTIwJTIwJTIwYzIyLjglMkM3My42OCUyQzIxLjM5JTJDMTM2LjAyJTJDMjAuNTElMkMxNTZjLTMuMTElMkM3MC41Ni0yMi4xNiUyQzEyMi41MS0zNiUyQzE1OS4zMmMtMTAuODglMkMyOC45NS0xMS42OCUyQzI0LjM4LTU5Ljc0JTJDMTI1LjYyJTIwJTIwJTIwJTIwJTIwJTIwJTIwJTIwYy00My40NiUyQzkxLjUzLTQ5LjY2JTJDMTA5LjctNTIuODUlMkMxMTkuNDlDNi42JTJDNzU4LjE0JTJDMi45OCUyQzgwNC41OSUyQzIuMTYlMkM4MjkuMTRjLTEuNDklMkM0NC43MiUyQzQuNTQlMkM3MC44MiUyQzYuNDclMkM3OC42NCUyMCUyMCUyMCUyMCUyMCUyMCUyMCUyMGMzLjU0JTJDMTQuMzUlMkMxMC40MiUyQzQxLjI1JTJDMjkuNzklMkM3MC40N2M2LjY0JTJDMTAuMDElMkMzMC44NCUyQzQ0LjYlMkM3Ni43NyUyQzY5LjExYzQyLjklMkMyMi45JTJDODEuNTIlMkMyNC42JTJDMTEwLjQ3JTJDMjUuODclMjAlMjAlMjAlMjAlMjAlMjAlMjAlMjBjNDUuNTclMkMyLjAxJTJDNzkuOTgtNi4xOCUyQzExMy4wMi0xNC4zYzMwLjgzLTcuNTglMkM1OC40LTE4LjM4JTJDMTEzLjUzLTQwYzU5LjU1LTIzLjM1JTJDNjYuNDMtMjguNTglMkMxMTAuNDctNDMuOTElMjAlMjAlMjAlMjAlMjAlMjAlMjAlMjBjMzUuNjMtMTIuNDElMkM1Ny42Ny0xOS45OCUyQzg5LjM2LTI1LjdjMjUuNjgtNC42NCUyQzU1LjMtOS43NyUyQzk0LjMtNi4zYzEyLjQzJTJDMS4xMSUyQzUzLjk3JTJDNS41OSUyQzEwMi4xMyUyQzI3Ljc0JTIwJTIwJTIwJTIwJTIwJTIwJTIwJTIwYzMyLjA1JTJDMTQuNzQlMkM1My4wMyUyQzMwLjg3JTJDNTcuNTMlMkMzNC4zOGMyNC4yNiUyQzE4LjkxJTJDNDEuMDUlMkMzOC42NSUyQzUxLjkxJTJDNTMuNDUlMjIlMjBzdHlsZSUzRCUyMmFuaW1hdGlvbi1kdXJhdGlvbiUzQSUyMDdzJTNCJTIwYW5pbWF0aW9uLWRlbGF5JTNBJTIwMTAwbXMlM0IlMjIlM0UlM0MlMkZwYXRoJTNFJTNDcGF0aCUyMGNsYXNzJTNEJTIyYXBwZWFyLWFuaW1hdGlvbiUyMGFuaW1hdGVkJTIwY3VzdG9tTGluZXMxYW5pbSUyMGFwcGVhci1hbmltYXRpb24tdmlzaWJsZSUyMiUyMGRhdGEtcGx1Z2luLW9wdGlvbnMlM0QlMjIlN0IlMjdhY2NZJTI3JTNBJTIwLTUwMCUyQyUyMCUyN2ZvcmNlQW5pbWF0aW9uJTI3JTNBJTIwdHJ1ZSU3RCUyMiUyMGRhdGEtYXBwZWFyLWFuaW1hdGlvbiUzRCUyMmN1c3RvbUxpbmVzMWFuaW0lMjIlMjBkYXRhLWFwcGVhci1hbmltYXRpb24tZGVsYXklM0QlMjIxMDAlMjIlMjBkYXRhLWFwcGVhci1hbmltYXRpb24tZHVyYXRpb24lM0QlMjI3cyUyMiUyMGZpbGwlM0QlMjJub25lJTIyJTIwc3Ryb2tlJTNEJTIyJTIzZDhkOGQ4JTIyJTIwc3Ryb2tlLXdpZHRoJTNEJTIyMnB4JTIyJTIwc3Ryb2tlLW1pdGVybGltaXQlM0QlMjIxMCUyMiUyMGQlM0QlMjJNMTE5LjQ0JTJDMzQuNDJjOC45OSUyQzEyLjg1JTJDMjAuMzMlMkMzMC40OSUyQzMxLjY2JTJDNTIuNDNjMjYuMjglMkM1MC45JTJDMzYuMzUlMkM5My44NCUyQzM5LjE1JTJDMTA2LjU1JTIwJTIwJTIwJTIwJTIwJTIwJTIwJTIwYzMuMTIlMkMxNC4yJTJDMTAuNzclMkM1Mi41JTJDOS41MyUyQzEwMi44MWMtMC4yOCUyQzExLjE5LTIuMDMlMkM2NS40OC0yMy44MyUyQzEzMy43OWMtOS44MiUyQzMwLjc4LTIxLjA3JTJDNTQuNTYtNDMuNTclMkMxMDIuMTMlMjAlMjAlMjAlMjAlMjAlMjAlMjAlMjBjLTI2Ljc4JTJDNTYuNi0yOS4xNCUyQzUzLjc5LTQ1LjYyJTJDOTAuMjFjLTE5Ljg0JTJDNDMuODUtNDIuNTYlMkM5NC4wNy00OC42OCUyQzE2MS4wMmMtMi44NiUyQzMxLjM0LTUuNjklMkM2Ni4wOCUyQzcuNDklMkMxMDguNiUyMCUyMCUyMCUyMCUyMCUyMCUyMCUyMGM2LjAzJTJDMTkuNDQlMkMyMC45NSUyQzY1LjQ1JTJDNjQlMkMxMDEuMTFjNDcuNDUlMkMzOS4zJTJDMTAxLjA1JTJDNDIuOCUyQzEzMy43OSUyQzQ0Ljk0YzYzLjA0JTJDNC4xMiUyQzExNS41Ny0xMy42JTJDMTY1LjExLTMwLjMlMjAlMjAlMjAlMjAlMjAlMjAlMjAlMjBjNS41OS0xLjg5JTJDMjMuNTktOC44NiUyQzU5LjU3LTIyLjgxYzEwMC4yMy0zOC44NSUyQzk5LjMzLTQwLjI3JTJDMTIyLjIxLTQ3LjMyYzQxLjE4LTEyLjY5JTJDODAuNTEtMjQuOCUyQzEzMy4xMS0yMS43OSUyMCUyMCUyMCUyMCUyMCUyMCUyMCUyMGMxOS44MyUyQzEuMTQlMkM2My4wMSUyQzUuNjUlMkMxMTEuNjYlMkMyOC45NGM4LjE5JTJDMy45MiUyQzUwLjYlMkMyNC42OCUyQzg4LjUxJTJDNjQuMzRjNS42NiUyQzUuOTIlMkMxMC4zOCUyQzExLjM5JTJDMTIuNiUyQzEzLjk2JTIwJTIwJTIwJTIwJTIwJTIwJTIwJTIwYzIzLjc4JTJDMjcuNTklMkMzOS41JTJDNTIuOTQlMkM0OS4zNiUyQzcwLjgxJTIyJTIwc3R5bGUlM0QlMjJhbmltYXRpb24tZHVyYXRpb24lM0ElMjA3cyUzQiUyMGFuaW1hdGlvbi1kZWxheSUzQSUyMDEwMG1zJTNCJTIyJTNFJTNDJTJGcGF0aCUzRSUzQ3BhdGglMjBjbGFzcyUzRCUyMmFwcGVhci1hbmltYXRpb24lMjBhbmltYXRlZCUyMGN1c3RvbUxpbmVzMWFuaW0lMjBhcHBlYXItYW5pbWF0aW9uLXZpc2libGUlMjIlMjBkYXRhLXBsdWdpbi1vcHRpb25zJTNEJTIyJTdCJTI3YWNjWSUyNyUzQSUyMC01MDAlMkMlMjAlMjdmb3JjZUFuaW1hdGlvbiUyNyUzQSUyMHRydWUlN0QlMjIlMjBkYXRhLWFwcGVhci1hbmltYXRpb24lM0QlMjJjdXN0b21MaW5lczFhbmltJTIyJTIwZGF0YS1hcHBlYXItYW5pbWF0aW9uLWRlbGF5JTNEJTIyMTAwJTIyJTIwZGF0YS1hcHBlYXItYW5pbWF0aW9uLWR1cmF0aW9uJTNEJTIyN3MlMjIlMjBmaWxsJTNEJTIybm9uZSUyMiUyMHN0cm9rZSUzRCUyMiUyM2Q4ZDhkOCUyMiUyMHN0cm9rZS13aWR0aCUzRCUyMjJweCUyMiUyMHN0cm9rZS1taXRlcmxpbWl0JTNEJTIyMTAlMjIlMjBkJTNEJTIyTTE0OS40JTJDNjguMTJjNi41NyUyQzguODYlMkMxNC45JTJDMjAuOTUlMkMyMy40OSUyQzM1LjkxYzQuMjklMkM3LjQ4JTJDMTkuNjclMkMzNC44OSUyQzMyLjE3JTJDNzMuNTMlMjAlMjAlMjAlMjAlMjAlMjAlMjAlMjBjNi43MiUyQzIwLjc3JTJDMjEuOTMlMkM2OS4yMiUyQzIwLjYlMkMxMzMuMjhjLTEuMyUyQzYyLjA2LTE3LjQ5JTJDMTA4LjE3LTI4Ljk0JTJDMTM5LjkxYy0xMC44NCUyQzMwLjA4LTI0LjkzJTJDNTguNzUtNTMuMTElMkMxMTYuMDklMjAlMjAlMjAlMjAlMjAlMjAlMjAlMjBjLTIwLjY4JTJDNDIuMDgtMjMuOTQlMkM0NS43Mi0zMy43JTJDNjkuMTFjLTEyLjAxJTJDMjguNzctMjYuMSUyQzYzLjA5LTMzLjAyJTJDMTA4LjZjLTUuMDElMkMzMi45MS0xMC42NCUyQzY5LjkyJTJDMS43JTJDMTE1LjQlMjAlMjAlMjAlMjAlMjAlMjAlMjAlMjBjNS41JTJDMjAuMjclMkMxNy4wOCUyQzYwLjk0JTJDNTMuNDUlMkM5NC42NGM0Mi41NSUyQzM5LjQzJTJDOTMuMDYlMkM0NS4yOCUyQzExOS40OSUyQzQ4LjM0YzU0LjM2JTJDNi4yOSUyQzk4Ljk0LTYuODclMkMxNDYuMDQtMjAuNzclMjAlMjAlMjAlMjAlMjAlMjAlMjAlMjBjMTQuNTYtNC4zJTJDMzEuMjctMTAuNTglMkM2NC42OC0yMy4xNWM5MC42NC0zNC4wOSUyQzk0LjEyLTQwLjU3JTJDMTMzLjQ1LTUxLjc0YzMzLjgxLTkuNjElMkM3MS42OS0yMC4zNyUyQzEyMi4yMS0xNi42OCUyMCUyMCUyMCUyMCUyMCUyMCUyMCUyMGM1OC44MyUyQzQuMyUyQzk5LjgzJTJDMjUuNjQlMkMxMDcuOTElMkMyOS45NmM0MC4wMiUyQzIxLjM5JTJDNjUuNyUyQzQ5LjE2JTJDNzcuOTYlMkM2Mi42NGM4LjM1JTJDOS4xOCUyQzE0Ljg0JTJDMTcuMzklMkMxOS40JTJDMjMuNDklMjIlMjBzdHlsZSUzRCUyMmFuaW1hdGlvbi1kdXJhdGlvbiUzQSUyMDdzJTNCJTIwYW5pbWF0aW9uLWRlbGF5JTNBJTIwMTAwbXMlM0IlMjIlM0UlM0MlMkZwYXRoJTNFJTNDcGF0aCUyMGNsYXNzJTNEJTIyYXBwZWFyLWFuaW1hdGlvbiUyMGFuaW1hdGVkJTIwY3VzdG9tTGluZXMxYW5pbSUyMGFwcGVhci1hbmltYXRpb24tdmlzaWJsZSUyMiUyMGRhdGEtcGx1Z2luLW9wdGlvbnMlM0QlMjIlN0IlMjdhY2NZJTI3JTNBJTIwLTUwMCUyQyUyMCUyN2ZvcmNlQW5pbWF0aW9uJTI3JTNBJTIwdHJ1ZSU3RCUyMiUyMGRhdGEtYXBwZWFyLWFuaW1hdGlvbiUzRCUyMmN1c3RvbUxpbmVzMWFuaW0lMjIlMjBkYXRhLWFwcGVhci1hbmltYXRpb24tZGVsYXklM0QlMjIxMDAlMjIlMjBkYXRhLWFwcGVhci1hbmltYXRpb24tZHVyYXRpb24lM0QlMjI3cyUyMiUyMGZpbGwlM0QlMjJub25lJTIyJTIwc3Ryb2tlJTNEJTIyJTIzZDhkOGQ4JTIyJTIwc3Ryb2tlLXdpZHRoJTNEJTIyMnB4JTIyJTIwc3Ryb2tlLW1pdGVybGltaXQlM0QlMjIxMCUyMiUyMGQlM0QlMjJNMTc5LjY5JTJDMTAxLjE0YzYuNzUlMkM5Ljc0JTJDMTMuNTIlMkMyMC40JTJDMjAuMDklMkMzMmMyMi43OSUyQzQwLjI3JTJDMzMuMSUyQzc0LjIzJTJDMzUuNCUyQzgyLjA0JTIwJTIwJTIwJTIwJTIwJTIwJTIwJTIwYzUuMzMlMkMxOC4wOCUyQzE1LjYlMkM1OC4yMSUyQzE0LjY0JTJDMTEwLjNjLTAuMjQlMkMxMi45Mi0xLjg4JTJDNjUuMDMtMjQuODUlMkMxMjcuMzJjLTMuMSUyQzguNDItNy43NCUyQzE4Ljg5LTE3LjAyJTJDMzkuODMlMjAlMjAlMjAlMjAlMjAlMjAlMjAlMjBjLTI1LjY1JTJDNTcuODgtMzYuNTclMkM3NS4xMS01Mi40MyUyQzExMC4zYy0xOC4xMiUyQzQwLjE5LTMxLjI4JTJDNjkuMzktMzkuODMlMkMxMTAuNjRjLTcuMiUyQzM0LjczLTE1LjQxJTJDNzQuMzMtMi4zOCUyQzEyMi4yMSUyMCUyMCUyMCUyMCUyMCUyMCUyMCUyMGM0LjU1JTJDMTYuNzMlMkMxNC40MyUyQzUxLjM4JTJDNDQuOTQlMkM4Mi4wNGMzNS42NyUyQzM1Ljg1JTJDNzguMTElMkM0NC42OSUyQzEwMC40MyUyQzQ5LjAyYzU4LjUzJTJDMTEuMzclMkMxMDcuMjMtMy40NiUyQzE1Ni4yNi0xOC4zOCUyMCUyMCUyMCUyMCUyMCUyMCUyMCUyMGMyNC40Mi03LjQ0JTJDMTUuOTMtNi43NyUyQzg2LjQ3LTMzLjdjMTAzLjQ2LTM5LjUlMkMxMjkuOTctNDQuMDYlMkMxNDIuOTgtNDUuOTZjMjguNy00LjE4JTJDNjEuNjUtOC42NiUyQzEwMy4xNSUyQzEuMDIlMjAlMjAlMjAlMjAlMjAlMjAlMjAlMjBjNy45NiUyQzEuODYlMkM0Ny43MyUyQzExLjU5JTJDOTAuMjElMkM0Mi41NWMzMC45MSUyQzIyLjUzJTJDNTAuODglMkM0Ny4yOSUyQzYyLjY0JTJDNjQuMzQlMjIlMjBzdHlsZSUzRCUyMmFuaW1hdGlvbi1kdXJhdGlvbiUzQSUyMDdzJTNCJTIwYW5pbWF0aW9uLWRlbGF5JTNBJTIwMTAwbXMlM0IlMjIlM0UlM0MlMkZwYXRoJTNFJTNDcGF0aCUyMGNsYXNzJTNEJTIyYXBwZWFyLWFuaW1hdGlvbiUyMGFuaW1hdGVkJTIwY3VzdG9tTGluZXMxYW5pbSUyMGFwcGVhci1hbmltYXRpb24tdmlzaWJsZSUyMiUyMGRhdGEtcGx1Z2luLW9wdGlvbnMlM0QlMjIlN0IlMjdhY2NZJTI3JTNBJTIwLTUwMCUyQyUyMCUyN2ZvcmNlQW5pbWF0aW9uJTI3JTNBJTIwdHJ1ZSU3RCUyMiUyMGRhdGEtYXBwZWFyLWFuaW1hdGlvbiUzRCUyMmN1c3RvbUxpbmVzMWFuaW0lMjIlMjBkYXRhLWFwcGVhci1hbmltYXRpb24tZGVsYXklM0QlMjIxMDAlMjIlMjBkYXRhLWFwcGVhci1hbmltYXRpb24tZHVyYXRpb24lM0QlMjI3cyUyMiUyMGZpbGwlM0QlMjJub25lJTIyJTIwc3Ryb2tlJTNEJTIyJTIzZDhkOGQ4JTIyJTIwc3Ryb2tlLXdpZHRoJTNEJTIyMnB4JTIyJTIwc3Ryb2tlLW1pdGVybGltaXQlM0QlMjIxMCUyMiUyMGQlM0QlMjJNMjA4Ljg5JTJDMTMzLjU3YzcuNDIlMkM5LjM3JTJDMTUuMDElMkMyMC4xNSUyQzIyLjIxJTJDMzIuNDNjMjEuNzUlMkMzNy4wNCUyQzI5LjM4JTJDNjkuNjYlMkMzMy45NiUyQzg5Ljg3JTIwJTIwJTIwJTIwJTIwJTIwJTIwJTIwYzQuNjklMkMyMC43MyUyQzEzLjkyJTJDNjMuMjYlMkM3LjQlMkMxMTcuOTZjLTQuODQlMkM0MC41OC0xNi4xOCUyQzY5Ljc0LTI4LjA5JTJDMTAwLjM0Yy0xMS45MSUyQzMwLjYxLTE1LjM4JTJDMzEuNzYtNDIuMzglMkM4OS4xMSUyMCUyMCUyMCUyMCUyMCUyMCUyMCUyMGMtMjQuNjYlMkM1Mi4zNy0zNi45OSUyQzc4LjU2LTQ0LjY4JTJDMTA1LjQ1Yy04LjQ5JTJDMjkuNjYtMTguNiUyQzY2LjM3LTEzLjI4JTJDMTEzLjM2YzIuNjUlMkMyMy4zNSUyQzYuMDYlMkM1My40MSUyQzI3LjA2JTJDODQlMjAlMjAlMjAlMjAlMjAlMjAlMjAlMjBjMjguNzUlMkM0MS44NyUyQzcwLjk4JTJDNTYuMzUlMkM4Ni44MSUyQzYxLjUzYzM1Ljc5JTJDMTEuNzElMkM2NS4zNyUyQzguOTklMkM5My4xOSUyQzYuMTNjMTUtMS41NCUyQzQ0LTUuNTQlMkMxMzkuOTEtNDIuMzglMjAlMjAlMjAlMjAlMjAlMjAlMjAlMjBjNzIuMjYtMjcuNzYlMkM4MS40Ni0zNS4zNSUyQzEyMC43Ny00My45MWMyNy4yNi01Ljk0JTJDNTQuNjktMTEuNjglMkM5MS4xNS04LjE3YzU1LjYzJTJDNS4zNiUyQzkzLjgxJTJDMjguNTYlMkMxMDIuMzglMkMzMy45NiUyMCUyMCUyMCUyMCUyMCUyMCUyMCUyMGMzNi4xMiUyQzIyLjczJTJDNTcuNTclMkM1MC45OSUyQzY2LjM4JTJDNjIuODFjMy44NiUyQzUuMTclMkM2Ljg4JTJDOS42MyUyQzguOTQlMkMxMi43NyUyMiUyMHN0eWxlJTNEJTIyYW5pbWF0aW9uLWR1cmF0aW9uJTNBJTIwN3MlM0IlMjBhbmltYXRpb24tZGVsYXklM0ElMjAxMDBtcyUzQiUyMiUzRSUzQyUyRnBhdGglM0UlM0MlMkZzdmclM0U=[\/vc_raw_html][\/vc_column][vc_column conditional_render=&#8221;%5B%7B%22value_role%22%3A%22administrator%22%7D%5D&#8221; offset=&#8221;vc_col-md-5&#8243; css=&#8221;.vc_custom_1653441766717{margin-bottom: 7px !important;}&#8221;]<div class=\"porto-u-heading mb-3  wpb_custom_019f285353d3f6748f1361c0a936a012 porto-u-2243\"><div class=\"porto-u-sub-heading\" style=\"color: #ffffff;\">\u0130leti\u015fim<\/div><style>.porto-u-2243.porto-u-heading{text-align:left}<\/style><\/div>[vc_custom_heading text=&#8221;&#8221; font_container=&#8221;tag:h6|font_size:14.4px|text_align:left|color:rgba(255%2C255%2C255%2C0.7)&#8221; use_theme_fonts=&#8221;yes&#8221; letter_spacing=&#8221;0px&#8221; css=&#8221;.vc_custom_1698603967765{margin-bottom: 6px !important;}&#8221;]<div class=\"porto-sicon-box  vc_custom_1698603978569 mb-4  wpb_custom_b0d4638afeba84e4f80bfe0da77e9639 style_1 default-icon\"><div class=\"porto-sicon-default\"><div class=\"porto-just-icon-wrapper porto-icon none\" style=\"color:#ffffff;font-size:22px;margin-right:6px;\"><i class=\"porto-icon-phone-1\"><\/i><\/div><\/div><div class=\"porto-sicon-header\"><a class=\"porto-sicon-box-link\" href=\"tel:0123456789\" title='Phone'><h3 class=\"porto-sicon-title\" style=\"color:#ffffff;\">0216 479 08 08<\/h3><\/a><\/div> <!-- header --><\/div><!-- porto-sicon-box --><div class=\"porto-sicon-box  vc_custom_1698604030107 mb-4  wpb_custom_b0d4638afeba84e4f80bfe0da77e9639 style_1 default-icon\"><div class=\"porto-sicon-default\"><div class=\"porto-just-icon-wrapper porto-icon none\" style=\"color:#ffffff;font-size:22px;margin-right:6px;\"><i class=\"porto-icon-mail\"><\/i><\/div><\/div><div class=\"porto-sicon-header\"><a class=\"porto-sicon-box-link\" href=\"tel:0123456789\" title='Phone'><h3 class=\"porto-sicon-title\" style=\"color:#ffffff;\">info@bateks.info.tr<\/h3><\/a><\/div> <!-- header --><\/div><!-- porto-sicon-box --><div class=\"porto-u-heading mb-5  wpb_custom_4e2460a77ce67ea4d6046affc75e2172 porto-u-2486\"><div class=\"porto-u-main-heading\"><div   style=\"color:rgba(255,255,255,0.7);margin-bottom: -4px;\">Adres<\/div><\/div><div class=\"porto-u-sub-heading\" style=\"color: #ffffff;\">\n<p class=\"mb-0\">\u00c7engeldere, \u00c7avu\u015fba\u015f\u0131<\/p>\n<p class=\"mb-0\">Cumhuriyet Cd. No:195,<\/p>\n<p class=\"mb-0\">34830 Beykoz\/\u0130stanbul<\/p>\n<p><\/div><style>.porto-u-2486.porto-u-heading{text-align:left}<\/style><\/div>[\/vc_column][vc_column conditional_render=&#8221;%5B%7B%22value_role%22%3A%22administrator%22%7D%5D&#8221; offset=&#8221;vc_col-md-offset-1 vc_col-md-6&#8243; css=&#8221;.vc_custom_1653441925573{margin-bottom: 7px !important;}&#8221; el_class=&#8221;mt-lg-0 mt-5 pt-lg-0 pt-4&#8243;][vc_gmaps link=&#8221;#E-8_JTNDaWZyYW1lJTIwc3JjJTNEJTIyaHR0cHMlM0ElMkYlMkZ3d3cuZ29vZ2xlLmNvbSUyRm1hcHMlMkZlbWJlZCUzRnBiJTNEJTIxMW0xNCUyMTFtOCUyMTFtMyUyMTFkMTIwMjQuOTY1NzI3NTczNjI0JTIxMmQyOS4xNjAyNDUlMjEzZDQxLjEwNzQxOCUyMTNtMiUyMTFpMTAyNCUyMTJpNzY4JTIxNGYxMy4xJTIxM20zJTIxMW0yJTIxMXMweDE0Y2FjYzk0OTMyZDJhZjMlMjUzQTB4ZDYzZWVjYjBjOTZmY2VlZCUyMTJ6UWtGVVJVdFRJTVN3dzRjZ1I4U3dXY1N3VFNCVVJVdFRWTVN3VENCTFFWQWdVMEZPTGlCV1JTQlV4TEJETGlCQkxzV2VMZyUyMTVlMCUyMTNtMiUyMTFzdHIlMjEyc3RyJTIxNHYxNjk4NjA0MTQ5MjQ1JTIxNW0yJTIxMXN0ciUyMTJzdHIlMjIlMjB3aWR0aCUzRCUyMjYwMCUyMiUyMGhlaWdodCUzRCUyMjQ1MCUyMiUyMHN0eWxlJTNEJTIyYm9yZGVyJTNBMCUzQiUyMiUyMGFsbG93ZnVsbHNjcmVlbiUzRCUyMiUyMiUyMGxvYWRpbmclM0QlMjJsYXp5JTIyJTIwcmVmZXJyZXJwb2xpY3klM0QlMjJuby1yZWZlcnJlci13aGVuLWRvd25ncmFkZSUyMiUzRSUzQyUyRmlmcmFtZSUzRQ==&#8221;][\/vc_column][\/vc_row]<\/p>\n<\/div>","protected":false},"excerpt":{"rendered":"<p>[vc_row wrap_container=&#8221;yes&#8221; conditional_render=&#8221;%5B%7B%22value_role%22%3A%22administrator%22%7D%5D&#8221; css=&#8221;.vc_custom_1675858264111{background-color: #5f6c77 !important;}&#8221; el_class=&#8221;p-t-xxl p-b-xxl overflow-hidden&#8221; el_id=&#8221;contact-form&#8221;][vc_column conditional_render=&#8221;%5B%7B%22value_role%22%3A%22administrator%22%7D%5D&#8221; el_class=&#8221;mt-5 pt-1&#8243;][vc_raw_html el_class=&#8221;position-absolute svg-2 opacity-2 mb-0&#8243; css=&#8221;.vc_custom_1653439379470{margin-top: 12px !important;}&#8221;]JTNDc3ZnJTIweG1sbnMlM0QlMjJodHRwJTNBJTJGJTJGd3d3LnczLm9yZyUyRjIwMDAlMkZzdmclMjIlMjB4bWxucyUzQXhsaW5rJTNEJTIyaHR0cCUzQSUyRiUyRnd3dy53My5vcmclMkYxOTk5JTJGeGxpbmslMjIlMjBjbGFzcyUzRCUyMmQtbm9uZSUyMGQtbGctYmxvY2slMjIlMjB4JTNEJTIyMHB4JTIyJTIweSUzRCUyMjBweCUyMiUyMHZpZXdCb3glM0QlMjIwJTIwMCUyMDE2ODYuODglMjAxMDk1Ljg2JTIyJTIwZGF0YS1hcHBlYXItYW5pbWF0aW9uLXN2ZyUzRCUyMjElMjIlM0UlM0NwYXRoJTIwY2xhc3MlM0QlMjJhcHBlYXItYW5pbWF0aW9uJTIwYW5pbWF0ZWQlMjBjdXN0b21MaW5lczFhbmltJTIwYXBwZWFyLWFuaW1hdGlvbi12aXNpYmxlJTIyJTIwZGF0YS1wbHVnaW4tb3B0aW9ucyUzRCUyMiU3QiUyN2FjY1klMjclM0ElMjAtNTAwJTJDJTIwJTI3Zm9yY2VBbmltYXRpb24lMjclM0ElMjB0cnVlJTdEJTIyJTIwZGF0YS1hcHBlYXItYW5pbWF0aW9uJTNEJTIyY3VzdG9tTGluZXMxYW5pbSUyMiUyMGRhdGEtYXBwZWFyLWFuaW1hdGlvbi1kZWxheSUzRCUyMjEwMCUyMiUyMGRhdGEtYXBwZWFyLWFuaW1hdGlvbi1kdXJhdGlvbiUzRCUyMjdzJTIyJTIwZmlsbCUzRCUyMm5vbmUlMjIlMjBzdHJva2UlM0QlMjIlMjNkOGQ4ZDglMjIlMjBzdHJva2Utd2lkdGglM0QlMjIycHglMjIlMjBzdHJva2UtbWl0ZXJsaW1pdCUzRCUyMjEwJTIyJTIwZCUzRCUyMk04Ny45NSUyQzEuNGM2LjgyJTJDOS4xNCUyQzE1LjUzJTJDMjEuNTklMkMyNC42OCUyQzM2Ljk0YzYuODIlMkMxMS40NSUyQzI3LjE4JTJDNDYuODIlMkM0Mi41NSUyQzk2LjUxJTIwJTIwJTIwJTIwJTIwJTIwJTIwJTIwYzIyLjglMkM3My42OCUyQzIxLjM5JTJDMTM2LjAyJTJDMjAuNTElMkMxNTZjLTMuMTElMkM3MC41Ni0yMi4xNiUyQzEyMi41MS0zNiUyQzE1OS4zMmMtMTAuODglMkMyOC45NS0xMS42OCUyQzI0LjM4LTU5Ljc0JTJDMTI1LjYyJTIwJTIwJTIwJTIwJTIwJTIwJTIwJTIwYy00My40NiUyQzkxLjUzLTQ5LjY2JTJDMTA5LjctNTIuODUlMkMxMTkuNDlDNi42JTJDNzU4LjE0JTJDMi45OCUyQzgwNC41OSUyQzIuMTYlMkM4MjkuMTRjLTEuNDklMkM0NC43MiUyQzQuNTQlMkM3MC44MiUyQzYuNDclMkM3OC42NCUyMCUyMCUyMCUyMCUyMCUyMCUyMCUyMGMzLjU0JTJDMTQuMzUlMkMxMC40MiUyQzQxLjI1JTJDMjkuNzklMkM3MC40N2M2LjY0JTJDMTAuMDElMkMzMC44NCUyQzQ0LjYlMkM3Ni43NyUyQzY5LjExYzQyLjklMkMyMi45JTJDODEuNTIlMkMyNC42JTJDMTEwLjQ3JTJDMjUuODclMjAlMjAlMjAlMjAlMjAlMjAlMjAlMjBjNDUuNTclMkMyLjAxJTJDNzkuOTgtNi4xOCUyQzExMy4wMi0xNC4zYzMwLjgzLTcuNTglMkM1OC40LTE4LjM4JTJDMTEzLjUzLTQwYzU5LjU1LTIzLjM1JTJDNjYuNDMtMjguNTglMkMxMTAuNDctNDMuOTElMjAlMjAlMjAlMjAlMjAlMjAlMjAlMjBjMzUuNjMtMTIuNDElMkM1Ny42Ny0xOS45OCUyQzg5LjM2LTI1LjdjMjUuNjgtNC42NCUyQzU1LjMtOS43NyUyQzk0LjMtNi4zYzEyLjQzJTJDMS4xMSUyQzUzLjk3JTJDNS41OSUyQzEwMi4xMyUyQzI3Ljc0JTIwJTIwJTIwJTIwJTIwJTIwJTIwJTIwYzMyLjA1JTJDMTQuNzQlMkM1My4wMyUyQzMwLjg3JTJDNTcuNTMlMkMzNC4zOGMyNC4yNiUyQzE4LjkxJTJDNDEuMDUlMkMzOC42NSUyQzUxLjkxJTJDNTMuNDUlMjIlMjBzdHlsZSUzRCUyMmFuaW1hdGlvbi1kdXJhdGlvbiUzQSUyMDdzJTNCJTIwYW5pbWF0aW9uLWRlbGF5JTNBJTIwMTAwbXMlM0IlMjIlM0UlM0MlMkZwYXRoJTNFJTNDcGF0aCUyMGNsYXNzJTNEJTIyYXBwZWFyLWFuaW1hdGlvbiUyMGFuaW1hdGVkJTIwY3VzdG9tTGluZXMxYW5pbSUyMGFwcGVhci1hbmltYXRpb24tdmlzaWJsZSUyMiUyMGRhdGEtcGx1Z2luLW9wdGlvbnMlM0QlMjIlN0IlMjdhY2NZJTI3JTNBJTIwLTUwMCUyQyUyMCUyN2ZvcmNlQW5pbWF0aW9uJTI3JTNBJTIwdHJ1ZSU3RCUyMiUyMGRhdGEtYXBwZWFyLWFuaW1hdGlvbiUzRCUyMmN1c3RvbUxpbmVzMWFuaW0lMjIlMjBkYXRhLWFwcGVhci1hbmltYXRpb24tZGVsYXklM0QlMjIxMDAlMjIlMjBkYXRhLWFwcGVhci1hbmltYXRpb24tZHVyYXRpb24lM0QlMjI3cyUyMiUyMGZpbGwlM0QlMjJub25lJTIyJTIwc3Ryb2tlJTNEJTIyJTIzZDhkOGQ4JTIyJTIwc3Ryb2tlLXdpZHRoJTNEJTIyMnB4JTIyJTIwc3Ryb2tlLW1pdGVybGltaXQlM0QlMjIxMCUyMiUyMGQlM0QlMjJNMTE5LjQ0JTJDMzQuNDJjOC45OSUyQzEyLjg1JTJDMjAuMzMlMkMzMC40OSUyQzMxLjY2JTJDNTIuNDNjMjYuMjglMkM1MC45JTJDMzYuMzUlMkM5My44NCUyQzM5LjE1JTJDMTA2LjU1JTIwJTIwJTIwJTIwJTIwJTIwJTIwJTIwYzMuMTIlMkMxNC4yJTJDMTAuNzclMkM1Mi41JTJDOS41MyUyQzEwMi44MWMtMC4yOCUyQzExLjE5LTIuMDMlMkM2NS40OC0yMy44MyUyQzEzMy43OWMtOS44MiUyQzMwLjc4LTIxLjA3JTJDNTQuNTYtNDMuNTclMkMxMDIuMTMlMjAlMjAlMjAlMjAlMjAlMjAlMjAlMjBjLTI2Ljc4JTJDNTYuNi0yOS4xNCUyQzUzLjc5LTQ1LjYyJTJDOTAuMjFjLTE5Ljg0JTJDNDMuODUtNDIuNTYlMkM5NC4wNy00OC42OCUyQzE2MS4wMmMtMi44NiUyQzMxLjM0LTUuNjklMkM2Ni4wOCUyQzcuNDklMkMxMDguNiUyMCUyMCUyMCUyMCUyMCUyMCUyMCUyMGM2LjAzJTJDMTkuNDQlMkMyMC45NSUyQzY1LjQ1JTJDNjQlMkMxMDEuMTFjNDcuNDUlMkMzOS4zJTJDMTAxLjA1JTJDNDIuOCUyQzEzMy43OSUyQzQ0Ljk0YzYzLjA0JTJDNC4xMiUyQzExNS41Ny0xMy42JTJDMTY1LjExLTMwLjMlMjAlMjAlMjAlMjAlMjAlMjAlMjAlMjBjNS41OS0xLjg5JTJDMjMuNTktOC44NiUyQzU5LjU3LTIyLjgxYzEwMC4yMy0zOC44NSUyQzk5LjMzLTQwLjI3JTJDMTIyLjIxLTQ3LjMyYzQxLjE4LTEyLjY5JTJDODAuNTEtMjQuOCUyQzEzMy4xMS0yMS43OSUyMCUyMCUyMCUyMCUyMCUyMCUyMCUyMGMxOS44MyUyQzEuMTQlMkM2My4wMSUyQzUuNjUlMkMxMTEuNjYlMkMyOC45NGM4LjE5JTJDMy45MiUyQzUwLjYlMkMyNC42OCUyQzg4LjUxJTJDNjQuMzRjNS42NiUyQzUuOTIlMkMxMC4zOCUyQzExLjM5JTJDMTIuNiUyQzEzLjk2JTIwJTIwJTIwJTIwJTIwJTIwJTIwJTIwYzIzLjc4JTJDMjcuNTklMkMzOS41JTJDNTIuOTQlMkM0OS4zNiUyQzcwLjgxJTIyJTIwc3R5bGUlM0QlMjJhbmltYXRpb24tZHVyYXRpb24lM0ElMjA3cyUzQiUyMGFuaW1hdGlvbi1kZWxheSUzQSUyMDEwMG1zJTNCJTIyJTNFJTNDJTJGcGF0aCUzRSUzQ3BhdGglMjBjbGFzcyUzRCUyMmFwcGVhci1hbmltYXRpb24lMjBhbmltYXRlZCUyMGN1c3RvbUxpbmVzMWFuaW0lMjBhcHBlYXItYW5pbWF0aW9uLXZpc2libGUlMjIlMjBkYXRhLXBsdWdpbi1vcHRpb25zJTNEJTIyJTdCJTI3YWNjWSUyNyUzQSUyMC01MDAlMkMlMjAlMjdmb3JjZUFuaW1hdGlvbiUyNyUzQSUyMHRydWUlN0QlMjIlMjBkYXRhLWFwcGVhci1hbmltYXRpb24lM0QlMjJjdXN0b21MaW5lczFhbmltJTIyJTIwZGF0YS1hcHBlYXItYW5pbWF0aW9uLWRlbGF5JTNEJTIyMTAwJTIyJTIwZGF0YS1hcHBlYXItYW5pbWF0aW9uLWR1cmF0aW9uJTNEJTIyN3MlMjIlMjBmaWxsJTNEJTIybm9uZSUyMiUyMHN0cm9rZSUzRCUyMiUyM2Q4ZDhkOCUyMiUyMHN0cm9rZS13aWR0aCUzRCUyMjJweCUyMiUyMHN0cm9rZS1taXRlcmxpbWl0JTNEJTIyMTAlMjIlMjBkJTNEJTIyTTE0OS40JTJDNjguMTJjNi41NyUyQzguODYlMkMxNC45JTJDMjAuOTUlMkMyMy40OSUyQzM1LjkxYzQuMjklMkM3LjQ4JTJDMTkuNjclMkMzNC44OSUyQzMyLjE3JTJDNzMuNTMlMjAlMjAlMjAlMjAlMjAlMjAlMjAlMjBjNi43MiUyQzIwLjc3JTJDMjEuOTMlMkM2OS4yMiUyQzIwLjYlMkMxMzMuMjhjLTEuMyUyQzYyLjA2LTE3LjQ5JTJDMTA4LjE3LTI4Ljk0JTJDMTM5LjkxYy0xMC44NCUyQzMwLjA4LTI0LjkzJTJDNTguNzUtNTMuMTElMkMxMTYuMDklMjAlMjAlMjAlMjAlMjAlMjAlMjAlMjBjLTIwLjY4JTJDNDIuMDgtMjMuOTQlMkM0NS43Mi0zMy43JTJDNjkuMTFjLTEyLjAxJTJDMjguNzctMjYuMSUyQzYzLjA5LTMzLjAyJTJDMTA4LjZjLTUuMDElMkMzMi45MS0xMC42NCUyQzY5LjkyJTJDMS43JTJDMTE1LjQlMjAlMjAlMjAlMjAlMjAlMjAlMjAlMjBjNS41JTJDMjAuMjclMkMxNy4wOCUyQzYwLjk0JTJDNTMuNDUlMkM5NC42NGM0Mi41NSUyQzM5LjQzJTJDOTMuMDYlMkM0NS4yOCUyQzExOS40OSUyQzQ4LjM0YzU0LjM2JTJDNi4yOSUyQzk4Ljk0LTYuODclMkMxNDYuMDQtMjAuNzclMjAlMjAlMjAlMjAlMjAlMjAlMjAlMjBjMTQuNTYtNC4zJTJDMzEuMjctMTAuNTglMkM2NC42OC0yMy4xNWM5MC42NC0zNC4wOSUyQzk0LjEyLTQwLjU3JTJDMTMzLjQ1LTUxLjc0YzMzLjgxLTkuNjElMkM3MS42OS0yMC4zNyUyQzEyMi4yMS0xNi42OCUyMCUyMCUyMCUyMCUyMCUyMCUyMCUyMGM1OC44MyUyQzQuMyUyQzk5LjgzJTJDMjUuNjQlMkMxMDcuOTElMkMyOS45NmM0MC4wMiUyQzIxLjM5JTJDNjUuNyUyQzQ5LjE2JTJDNzcuOTYlMkM2Mi42NGM4LjM1JTJDOS4xOCUyQzE0Ljg0JTJDMTcuMzklMkMxOS40JTJDMjMuNDklMjIlMjBzdHlsZSUzRCUyMmFuaW1hdGlvbi1kdXJhdGlvbiUzQSUyMDdzJTNCJTIwYW5pbWF0aW9uLWRlbGF5JTNBJTIwMTAwbXMlM0IlMjIlM0UlM0MlMkZwYXRoJTNFJTNDcGF0aCUyMGNsYXNzJTNEJTIyYXBwZWFyLWFuaW1hdGlvbiUyMGFuaW1hdGVkJTIwY3VzdG9tTGluZXMxYW5pbSUyMGFwcGVhci1hbmltYXRpb24tdmlzaWJsZSUyMiUyMGRhdGEtcGx1Z2luLW9wdGlvbnMlM0QlMjIlN0IlMjdhY2NZJTI3JTNBJTIwLTUwMCUyQyUyMCUyN2ZvcmNlQW5pbWF0aW9uJTI3JTNBJTIwdHJ1ZSU3RCUyMiUyMGRhdGEtYXBwZWFyLWFuaW1hdGlvbiUzRCUyMmN1c3RvbUxpbmVzMWFuaW0lMjIlMjBkYXRhLWFwcGVhci1hbmltYXRpb24tZGVsYXklM0QlMjIxMDAlMjIlMjBkYXRhLWFwcGVhci1hbmltYXRpb24tZHVyYXRpb24lM0QlMjI3cyUyMiUyMGZpbGwlM0QlMjJub25lJTIyJTIwc3Ryb2tlJTNEJTIyJTIzZDhkOGQ4JTIyJTIwc3Ryb2tlLXdpZHRoJTNEJTIyMnB4JTIyJTIwc3Ryb2tlLW1pdGVybGltaXQlM0QlMjIxMCUyMiUyMGQlM0QlMjJNMTc5LjY5JTJDMTAxLjE0YzYuNzUlMkM5Ljc0JTJDMTMuNTIlMkMyMC40JTJDMjAuMDklMkMzMmMyMi43OSUyQzQwLjI3JTJDMzMuMSUyQzc0LjIzJTJDMzUuNCUyQzgyLjA0JTIwJTIwJTIwJTIwJTIwJTIwJTIwJTIwYzUuMzMlMkMxOC4wOCUyQzE1LjYlMkM1OC4yMSUyQzE0LjY0JTJDMTEwLjNjLTAuMjQlMkMxMi45Mi0xLjg4JTJDNjUuMDMtMjQuODUlMkMxMjcuMzJjLTMuMSUyQzguNDItNy43NCUyQzE4Ljg5LTE3LjAyJTJDMzkuODMlMjAlMjAlMjAlMjAlMjAlMjAlMjAlMjBjLTI1LjY1JTJDNTcuODgtMzYuNTclMkM3NS4xMS01Mi40MyUyQzExMC4zYy0xOC4xMiUyQzQwLjE5LTMxLjI4JTJDNjkuMzktMzkuODMlMkMxMTAuNjRjLTcuMiUyQzM0LjczLTE1LjQxJTJDNzQuMzMtMi4zOCUyQzEyMi4yMSUyMCUyMCUyMCUyMCUyMCUyMCUyMCUyMGM0LjU1JTJDMTYuNzMlMkMxNC40MyUyQzUxLjM4JTJDNDQuOTQlMkM4Mi4wNGMzNS42NyUyQzM1Ljg1JTJDNzguMTElMkM0NC42OSUyQzEwMC40MyUyQzQ5LjAyYzU4LjUzJTJDMTEuMzclMkMxMDcuMjMtMy40NiUyQzE1Ni4yNi0xOC4zOCUyMCUyMCUyMCUyMCUyMCUyMCUyMCUyMGMyNC40Mi03LjQ0JTJDMTUuOTMtNi43NyUyQzg2LjQ3LTMzLjdjMTAzLjQ2LTM5LjUlMkMxMjkuOTctNDQuMDYlMkMxNDIuOTgtNDUuOTZjMjguNy00LjE4JTJDNjEuNjUtOC42NiUyQzEwMy4xNSUyQzEuMDIlMjAlMjAlMjAlMjAlMjAlMjAlMjAlMjBjNy45NiUyQzEuODYlMkM0Ny43MyUyQzExLjU5JTJDOTAuMjElMkM0Mi41NWMzMC45MSUyQzIyLjUzJTJDNTAuODglMkM0Ny4yOSUyQzYyLjY0JTJDNjQuMzQlMjIlMjBzdHlsZSUzRCUyMmFuaW1hdGlvbi1kdXJhdGlvbiUzQSUyMDdzJTNCJTIwYW5pbWF0aW9uLWRlbGF5JTNBJTIwMTAwbXMlM0IlMjIlM0UlM0MlMkZwYXRoJTNFJTNDcGF0aCUyMGNsYXNzJTNEJTIyYXBwZWFyLWFuaW1hdGlvbiUyMGFuaW1hdGVkJTIwY3VzdG9tTGluZXMxYW5pbSUyMGFwcGVhci1hbmltYXRpb24tdmlzaWJsZSUyMiUyMGRhdGEtcGx1Z2luLW9wdGlvbnMlM0QlMjIlN0IlMjdhY2NZJTI3JTNBJTIwLTUwMCUyQyUyMCUyN2ZvcmNlQW5pbWF0aW9uJTI3JTNBJTIwdHJ1ZSU3RCUyMiUyMGRhdGEtYXBwZWFyLWFuaW1hdGlvbiUzRCUyMmN1c3RvbUxpbmVzMWFuaW0lMjIlMjBkYXRhLWFwcGVhci1hbmltYXRpb24tZGVsYXklM0QlMjIxMDAlMjIlMjBkYXRhLWFwcGVhci1hbmltYXRpb24tZHVyYXRpb24lM0QlMjI3cyUyMiUyMGZpbGwlM0QlMjJub25lJTIyJTIwc3Ryb2tlJTNEJTIyJTIzZDhkOGQ4JTIyJTIwc3Ryb2tlLXdpZHRoJTNEJTIyMnB4JTIyJTIwc3Ryb2tlLW1pdGVybGltaXQlM0QlMjIxMCUyMiUyMGQlM0QlMjJNMjA4Ljg5JTJDMTMzLjU3YzcuNDIlMkM5LjM3JTJDMTUuMDElMkMyMC4xNSUyQzIyLjIxJTJDMzIuNDNjMjEuNzUlMkMzNy4wNCUyQzI5LjM4JTJDNjkuNjYlMkMzMy45NiUyQzg5Ljg3JTIwJTIwJTIwJTIwJTIwJTIwJTIwJTIwYzQuNjklMkMyMC43MyUyQzEzLjkyJTJDNjMuMjYlMkM3LjQlMkMxMTcuOTZjLTQuODQlMkM0MC41OC0xNi4xOCUyQzY5Ljc0LTI4LjA5JTJDMTAwLjM0Yy0xMS45MSUyQzMwLjYxLTE1LjM4JTJDMzEuNzYtNDIuMzglMkM4OS4xMSUyMCUyMCUyMCUyMCUyMCUyMCUyMCUyMGMtMjQuNjYlMkM1Mi4zNy0zNi45OSUyQzc4LjU2LTQ0LjY4JTJDMTA1LjQ1Yy04LjQ5JTJDMjkuNjYtMTguNiUyQzY2LjM3LTEzLjI4JTJDMTEzLjM2YzIuNjUlMkMyMy4zNSUyQzYuMDYlMkM1My40MSUyQzI3LjA2JTJDODQlMjAlMjAlMjAlMjAlMjAlMjAlMjAlMjBjMjguNzUlMkM0MS44NyUyQzcwLjk4JTJDNTYuMzUlMkM4Ni44MSUyQzYxLjUzYzM1Ljc5JTJDMTEuNzElMkM2NS4zNyUyQzguOTklMkM5My4xOSUyQzYuMTNjMTUtMS41NCUyQzQ0LTUuNTQlMkMxMzkuOTEtNDIuMzglMjAlMjAlMjAlMjAlMjAlMjAlMjAlMjBjNzIuMjYtMjcuNzYlMkM4MS40Ni0zNS4zNSUyQzEyMC43Ny00My45MWMyNy4yNi01Ljk0JTJDNTQuNjktMTEuNjglMkM5MS4xNS04LjE3YzU1LjYzJTJDNS4zNiUyQzkzLjgxJTJDMjguNTYlMkMxMDIuMzglMkMzMy45NiUyMCUyMCUyMCUyMCUyMCUyMCUyMCUyMGMzNi4xMiUyQzIyLjczJTJDNTcuNTclMkM1MC45OSUyQzY2LjM4JTJDNjIuODFjMy44NiUyQzUuMTclMkM2Ljg4JTJDOS42MyUyQzguOTQlMkMxMi43NyUyMiUyMHN0eWxlJTNEJTIyYW5pbWF0aW9uLWR1cmF0aW9uJTNBJTIwN3MlM0IlMjBhbmltYXRpb24tZGVsYXklM0ElMjAxMDBtcyUzQiUyMiUzRSUzQyUyRnBhdGglM0UlM0MlMkZzdmclM0U=[\/vc_raw_html][\/vc_column][vc_column conditional_render=&#8221;%5B%7B%22value_role%22%3A%22administrator%22%7D%5D&#8221; offset=&#8221;vc_col-md-5&#8243; css=&#8221;.vc_custom_1653441766717{margin-bottom: 7px !important;}&#8221;][vc_custom_heading text=&#8221;&#8221; font_container=&#8221;tag:h6|font_size:14.4px|text_align:left|color:rgba(255%2C255%2C255%2C0.7)&#8221; use_theme_fonts=&#8221;yes&#8221; letter_spacing=&#8221;0px&#8221; css=&#8221;.vc_custom_1698603967765{margin-bottom: 6px !important;}&#8221;][\/vc_column][vc_column conditional_render=&#8221;%5B%7B%22value_role%22%3A%22administrator%22%7D%5D&#8221; offset=&#8221;vc_col-md-offset-1 vc_col-md-6&#8243; css=&#8221;.vc_custom_1653441925573{margin-bottom: 7px !important;}&#8221; el_class=&#8221;mt-lg-0 mt-5 pt-lg-0 pt-4&#8243;][vc_gmaps link=&#8221;#E-8_JTNDaWZyYW1lJTIwc3JjJTNEJTIyaHR0cHMlM0ElMkYlMkZ3d3cuZ29vZ2xlLmNvbSUyRm1hcHMlMkZlbWJlZCUzRnBiJTNEJTIxMW0xNCUyMTFtOCUyMTFtMyUyMTFkMTIwMjQuOTY1NzI3NTczNjI0JTIxMmQyOS4xNjAyNDUlMjEzZDQxLjEwNzQxOCUyMTNtMiUyMTFpMTAyNCUyMTJpNzY4JTIxNGYxMy4xJTIxM20zJTIxMW0yJTIxMXMweDE0Y2FjYzk0OTMyZDJhZjMlMjUzQTB4ZDYzZWVjYjBjOTZmY2VlZCUyMTJ6UWtGVVJVdFRJTVN3dzRjZ1I4U3dXY1N3VFNCVVJVdFRWTVN3VENCTFFWQWdVMEZPTGlCV1JTQlV4TEJETGlCQkxzV2VMZyUyMTVlMCUyMTNtMiUyMTFzdHIlMjEyc3RyJTIxNHYxNjk4NjA0MTQ5MjQ1JTIxNW0yJTIxMXN0ciUyMTJzdHIlMjIlMjB3aWR0aCUzRCUyMjYwMCUyMiUyMGhlaWdodCUzRCUyMjQ1MCUyMiUyMHN0eWxlJTNEJTIyYm9yZGVyJTNBMCUzQiUyMiUyMGFsbG93ZnVsbHNjcmVlbiUzRCUyMiUyMiUyMGxvYWRpbmclM0QlMjJsYXp5JTIyJTIwcmVmZXJyZXJwb2xpY3klM0QlMjJuby1yZWZlcnJlci13aGVuLWRvd25ncmFkZSUyMiUzRSUzQyUyRmlmcmFtZSUzRQ==&#8221;][\/vc_column][\/vc_row]<\/p>\n","protected":false},"author":1,"featured_media":0,"parent":0,"menu_order":0,"comment_status":"closed","ping_status":"closed","template":"","meta":{"footnotes":""},"class_list":["post-49","page","type-page","status-publish","hentry"],"acf":[],"_links":{"self":[{"href":"https:\/\/kurumsal.mixdijital.com\/index.php\/wp-json\/wp\/v2\/pages\/49","targetHints":{"allow":["GET"]}}],"collection":[{"href":"https:\/\/kurumsal.mixdijital.com\/index.php\/wp-json\/wp\/v2\/pages"}],"about":[{"href":"https:\/\/kurumsal.mixdijital.com\/index.php\/wp-json\/wp\/v2\/types\/page"}],"author":[{"embeddable":true,"href":"https:\/\/kurumsal.mixdijital.com\/index.php\/wp-json\/wp\/v2\/users\/1"}],"replies":[{"embeddable":true,"href":"https:\/\/kurumsal.mixdijital.com\/index.php\/wp-json\/wp\/v2\/comments?post=49"}],"version-history":[{"count":4,"href":"https:\/\/kurumsal.mixdijital.com\/index.php\/wp-json\/wp\/v2\/pages\/49\/revisions"}],"predecessor-version":[{"id":3015,"href":"https:\/\/kurumsal.mixdijital.com\/index.php\/wp-json\/wp\/v2\/pages\/49\/revisions\/3015"}],"wp:attachment":[{"href":"https:\/\/kurumsal.mixdijital.com\/index.php\/wp-json\/wp\/v2\/media?parent=49"}],"curies":[{"name":"wp","href":"https:\/\/api.w.org\/{rel}","templated":true}]}}