{"id":45,"date":"2022-05-12T12:52:56","date_gmt":"2022-05-12T09:52:56","guid":{"rendered":"http:\/\/sw-themes.com\/porto_dummy\/?page_id=45"},"modified":"2023-10-25T13:46:16","modified_gmt":"2023-10-25T10:46:16","slug":"hakkimizda","status":"publish","type":"page","link":"https:\/\/kurumsal.mixdijital.com\/index.php\/hakkimizda\/","title":{"rendered":"Hakk\u0131m\u0131zda"},"content":{"rendered":"<div class=\"wpb-content-wrapper\"><p>[vc_row wrap_container=&#8221;yes&#8221; conditional_render=&#8221;%5B%7B%22value_role%22%3A%22administrator%22%7D%5D&#8221; css=&#8221;.vc_custom_1653417936223{margin-top: 72px !important;margin-bottom: 25px !important;}&#8221;][vc_column css=&#8221;.vc_custom_1653334091598{margin-top: 2px !important;margin-bottom: 42px !important;}&#8221; conditional_render=&#8221;%5B%7B%22value_role%22%3A%22administrator%22%7D%5D&#8221; offset=&#8221;vc_col-md-6&#8243;]<div class=\"porto-u-heading mb-3  wpb_custom_019f285353d3f6748f1361c0a936a012 porto-u-6740\"><div class=\"porto-u-sub-heading\" style=\"color: #3e3e3e;\">Hakk\u0131m\u0131zda<\/div><style>.porto-u-6740.porto-u-heading{text-align:left}<\/style><\/div>[vc_custom_heading text=&#8221;Bug\u00fcn T\u00fcrkiye&#8217;nin lider i\u00e7 giyim \u00fcreticisi konumunda olan Bateks, 1996 y\u0131l\u0131nda Ay\u015fe Ofluo\u011flu taraf\u0131ndan kuruldu. Firmam\u0131z s\u00fctyen, k\u00fclot, gecelik, pijama, j\u00fcpon, jartiyer, korse, mayo, plaj elbiseleri, erkek boxer ve gecelik \u00e7e\u015fitleri \u00fcretmektedir. Kalite standartlar\u0131n\u0131 y\u00fckseltmeye y\u00f6nelik devam eden \u00e7abalar\u0131n bir par\u00e7as\u0131 olarak on alt biriminde ve iki \u00fcretim merkezinde 500&#8217;den fazla ki\u015fiyi istihdam etmektedir.<br \/>\nBu stratejinin ve i\u015f ba\u015far\u0131s\u0131n\u0131n do\u011fal bir sonucu olarak kuruldu\u011fu g\u00fcnden bu yana m\u00fc\u015fterileri, \u00e7al\u0131\u015fanlar\u0131 ve tedarik\u00e7ileriyle g\u00fcvene dayal\u0131 bir ortakl\u0131k geli\u015ftirme felsefesiyle b\u00fcy\u00fcyen Bateks, bir\u00e7ok \u00f6d\u00fcle ve sertifikaya lay\u0131k g\u00f6r\u00fcld\u00fc.<br \/>\nBateks&#8217;in m\u00fckemmellik ve ahlaki standartlara olan ba\u011fl\u0131l\u0131\u011f\u0131, H&amp;M, TESCO, INDITEX, HUNKEM\u00d6LLER ve TOP SHOP dahil olmak \u00fczere d\u00fcnyan\u0131n en b\u00fcy\u00fck giyim markalar\u0131ndan \u00e7ok say\u0131da \u00f6d\u00fcl ald\u0131.<br \/>\n\u00dcretimini ulusal ve uluslararas\u0131 bir\u00e7ok standart \u00fczerine kuran \u015firketimiz, g\u00fcvenilir bir i\u015f orta\u011f\u0131 olarak itibar geli\u015ftirmenin, gelirlerini art\u0131rmaktan \u00e7ok daha \u00f6nemli oldu\u011funun bilincindedir.<br \/>\nBateks, \u00fcr\u00fcnleri be\u015f k\u0131tada, onlarca \u00fclkede be\u011fenilen, tasar\u0131m, tedarik, planlama, \u00fcretim, kontrol ve \u00fcretimin her alan\u0131nda mutlak verimlilik anlay\u0131\u015f\u0131yla hareket eden bir \u00fcretici olarak, daha parlak bir gelece\u011fe do\u011fru emin ad\u0131mlarla ilerlemektedir. Lojistik ve k\u00fcresel pazarlarda rekabet g\u00fcc\u00fcn\u00fc art\u0131rmakt\u0131r.&#8221; font_container=&#8221;tag:p|text_align:left&#8221; use_theme_fonts=&#8221;yes&#8221; el_class=&#8221;mb-4&#8243;]<div class=\"porto-u-heading  wpb_custom_6d70ec192ff34fe4d8c91882313cedd7 porto-u-7815\"><style>.porto-u-7815.porto-u-heading{text-align:left}<\/style><\/div>[\/vc_column][vc_column offset=&#8221;vc_col-md-6&#8243; conditional_render=&#8221;%5B%7B%22value_role%22%3A%22administrator%22%7D%5D&#8221; css=&#8221;.vc_custom_1653434657702{margin-bottom: 42px !important;}&#8221; el_class=&#8221;custom-gallery&#8221;]<div class=\"porto-animation anim-img-1\"  data-appear-animation=\"zoomIn\" data-appear-animation-delay=\"100\">[vc_single_image image=&#8221;3002&#8243; img_size=&#8221;full&#8221; alignment=&#8221;center&#8221; animation_delay=&#8221;100&#8243; floating_start_pos=&#8221;top&#8221; floating_speed=&#8221;9.8&#8243; css=&#8221;.vc_custom_1698229755021{margin-top: -8px !important;}&#8221; floating_duration=&#8221;1000&#8243; el_class=&#8221;mb-0 mx-auto&#8221; label=&#8221;&#8221;]<\/div><div class=\"porto-animation anim-img-2 position-absolute top-0 start-0 w-100\"  data-appear-animation=\"zoomIn\" data-appear-animation-delay=\"300\">[vc_single_image image=&#8221;3003&#8243; img_size=&#8221;full&#8221; alignment=&#8221;center&#8221; animation_delay=&#8221;100&#8243; floating_start_pos=&#8221;top&#8221; floating_speed=&#8221;9.7&#8243; floating_duration=&#8221;1000&#8243; el_class=&#8221;mb-0&#8243; label=&#8221;&#8221;]<\/div><div class=\"porto-animation anim-img-3 position-absolute top-0 end-0\"  data-appear-animation=\"zoomIn\" data-appear-animation-delay=\"600\">[vc_single_image image=&#8221;3004&#8243; img_size=&#8221;full&#8221; alignment=&#8221;center&#8221; animation_delay=&#8221;100&#8243; floating_start_pos=&#8221;top&#8221; floating_speed=&#8221;9.6&#8243; floating_duration=&#8221;1000&#8243; el_class=&#8221;mb-0 ml-auto&#8221; label=&#8221;&#8221;]<\/div>[\/vc_column][\/vc_row][vc_row wrap_container=&#8221;yes&#8221; css=&#8221;.vc_custom_1698229791809{background-color: #000000 !important;}&#8221; conditional_render=&#8221;%5B%7B%22value_role%22%3A%22administrator%22%7D%5D&#8221; el_class=&#8221;p-t-xxl p-b-xxl overflow-hidden&#8221;][vc_column][vc_raw_html el_class=&#8221;position-absolute svg-1 opacity-2 z-index-1 mb-0&#8243;]JTNDc3ZnJTIweG1sbnMlM0QlMjJodHRwJTNBJTJGJTJGd3d3LnczLm9yZyUyRjIwMDAlMkZzdmclMjIlMjB4bWxucyUzQXhsaW5rJTNEJTIyaHR0cCUzQSUyRiUyRnd3dy53My5vcmclMkYxOTk5JTJGeGxpbmslMjIlMjBjbGFzcyUzRCUyMmQtbm9uZSUyMGQtbGctYmxvY2slMjIlMjB4JTNEJTIyMHB4JTIyJTIweSUzRCUyMjBweCUyMiUyMHZpZXdCb3glM0QlMjIwJTIwMCUyMDE2ODYuODglMjAxMDk1Ljg2JTIyJTIwZGF0YS1hcHBlYXItYW5pbWF0aW9uLXN2ZyUzRCUyMjElMjIlM0UlM0NwYXRoJTIwY2xhc3MlM0QlMjJhcHBlYXItYW5pbWF0aW9uJTIwYW5pbWF0ZWQlMjBjdXN0b21MaW5lczFhbmltJTIwYXBwZWFyLWFuaW1hdGlvbi12aXNpYmxlJTIyJTIwZGF0YS1wbHVnaW4tb3B0aW9ucyUzRCUyMiU3QiUyN2FjY1klMjclM0ElMjAtNTAwJTJDJTIwJTI3Zm9yY2VBbmltYXRpb24lMjclM0ElMjB0cnVlJTdEJTIyJTIwZGF0YS1hcHBlYXItYW5pbWF0aW9uJTNEJTIyY3VzdG9tTGluZXMxYW5pbSUyMiUyMGRhdGEtYXBwZWFyLWFuaW1hdGlvbi1kZWxheSUzRCUyMjEwMCUyMiUyMGRhdGEtYXBwZWFyLWFuaW1hdGlvbi1kdXJhdGlvbiUzRCUyMjdzJTIyJTIwZmlsbCUzRCUyMm5vbmUlMjIlMjBzdHJva2UlM0QlMjIlMjNkOGQ4ZDglMjIlMjBzdHJva2Utd2lkdGglM0QlMjIycHglMjIlMjBzdHJva2UtbWl0ZXJsaW1pdCUzRCUyMjEwJTIyJTIwZCUzRCUyMk04Ny45NSUyQzEuNGM2LjgyJTJDOS4xNCUyQzE1LjUzJTJDMjEuNTklMkMyNC42OCUyQzM2Ljk0YzYuODIlMkMxMS40NSUyQzI3LjE4JTJDNDYuODIlMkM0Mi41NSUyQzk2LjUxJTIwJTIwJTIwJTIwJTIwJTIwJTIwJTIwYzIyLjglMkM3My42OCUyQzIxLjM5JTJDMTM2LjAyJTJDMjAuNTElMkMxNTZjLTMuMTElMkM3MC41Ni0yMi4xNiUyQzEyMi41MS0zNiUyQzE1OS4zMmMtMTAuODglMkMyOC45NS0xMS42OCUyQzI0LjM4LTU5Ljc0JTJDMTI1LjYyJTIwJTIwJTIwJTIwJTIwJTIwJTIwJTIwYy00My40NiUyQzkxLjUzLTQ5LjY2JTJDMTA5LjctNTIuODUlMkMxMTkuNDlDNi42JTJDNzU4LjE0JTJDMi45OCUyQzgwNC41OSUyQzIuMTYlMkM4MjkuMTRjLTEuNDklMkM0NC43MiUyQzQuNTQlMkM3MC44MiUyQzYuNDclMkM3OC42NCUyMCUyMCUyMCUyMCUyMCUyMCUyMCUyMGMzLjU0JTJDMTQuMzUlMkMxMC40MiUyQzQxLjI1JTJDMjkuNzklMkM3MC40N2M2LjY0JTJDMTAuMDElMkMzMC44NCUyQzQ0LjYlMkM3Ni43NyUyQzY5LjExYzQyLjklMkMyMi45JTJDODEuNTIlMkMyNC42JTJDMTEwLjQ3JTJDMjUuODclMjAlMjAlMjAlMjAlMjAlMjAlMjAlMjBjNDUuNTclMkMyLjAxJTJDNzkuOTgtNi4xOCUyQzExMy4wMi0xNC4zYzMwLjgzLTcuNTglMkM1OC40LTE4LjM4JTJDMTEzLjUzLTQwYzU5LjU1LTIzLjM1JTJDNjYuNDMtMjguNTglMkMxMTAuNDctNDMuOTElMjAlMjAlMjAlMjAlMjAlMjAlMjAlMjBjMzUuNjMtMTIuNDElMkM1Ny42Ny0xOS45OCUyQzg5LjM2LTI1LjdjMjUuNjgtNC42NCUyQzU1LjMtOS43NyUyQzk0LjMtNi4zYzEyLjQzJTJDMS4xMSUyQzUzLjk3JTJDNS41OSUyQzEwMi4xMyUyQzI3Ljc0JTIwJTIwJTIwJTIwJTIwJTIwJTIwJTIwYzMyLjA1JTJDMTQuNzQlMkM1My4wMyUyQzMwLjg3JTJDNTcuNTMlMkMzNC4zOGMyNC4yNiUyQzE4LjkxJTJDNDEuMDUlMkMzOC42NSUyQzUxLjkxJTJDNTMuNDUlMjIlMjBzdHlsZSUzRCUyMmFuaW1hdGlvbi1kdXJhdGlvbiUzQSUyMDdzJTNCJTIwYW5pbWF0aW9uLWRlbGF5JTNBJTIwMTAwbXMlM0IlMjIlM0UlM0MlMkZwYXRoJTNFJTNDcGF0aCUyMGNsYXNzJTNEJTIyYXBwZWFyLWFuaW1hdGlvbiUyMGFuaW1hdGVkJTIwY3VzdG9tTGluZXMxYW5pbSUyMGFwcGVhci1hbmltYXRpb24tdmlzaWJsZSUyMiUyMGRhdGEtcGx1Z2luLW9wdGlvbnMlM0QlMjIlN0IlMjdhY2NZJTI3JTNBJTIwLTUwMCUyQyUyMCUyN2ZvcmNlQW5pbWF0aW9uJTI3JTNBJTIwdHJ1ZSU3RCUyMiUyMGRhdGEtYXBwZWFyLWFuaW1hdGlvbiUzRCUyMmN1c3RvbUxpbmVzMWFuaW0lMjIlMjBkYXRhLWFwcGVhci1hbmltYXRpb24tZGVsYXklM0QlMjIxMDAlMjIlMjBkYXRhLWFwcGVhci1hbmltYXRpb24tZHVyYXRpb24lM0QlMjI3cyUyMiUyMGZpbGwlM0QlMjJub25lJTIyJTIwc3Ryb2tlJTNEJTIyJTIzZDhkOGQ4JTIyJTIwc3Ryb2tlLXdpZHRoJTNEJTIyMnB4JTIyJTIwc3Ryb2tlLW1pdGVybGltaXQlM0QlMjIxMCUyMiUyMGQlM0QlMjJNMTE5LjQ0JTJDMzQuNDJjOC45OSUyQzEyLjg1JTJDMjAuMzMlMkMzMC40OSUyQzMxLjY2JTJDNTIuNDNjMjYuMjglMkM1MC45JTJDMzYuMzUlMkM5My44NCUyQzM5LjE1JTJDMTA2LjU1JTIwJTIwJTIwJTIwJTIwJTIwJTIwJTIwYzMuMTIlMkMxNC4yJTJDMTAuNzclMkM1Mi41JTJDOS41MyUyQzEwMi44MWMtMC4yOCUyQzExLjE5LTIuMDMlMkM2NS40OC0yMy44MyUyQzEzMy43OWMtOS44MiUyQzMwLjc4LTIxLjA3JTJDNTQuNTYtNDMuNTclMkMxMDIuMTMlMjAlMjAlMjAlMjAlMjAlMjAlMjAlMjBjLTI2Ljc4JTJDNTYuNi0yOS4xNCUyQzUzLjc5LTQ1LjYyJTJDOTAuMjFjLTE5Ljg0JTJDNDMuODUtNDIuNTYlMkM5NC4wNy00OC42OCUyQzE2MS4wMmMtMi44NiUyQzMxLjM0LTUuNjklMkM2Ni4wOCUyQzcuNDklMkMxMDguNiUyMCUyMCUyMCUyMCUyMCUyMCUyMCUyMGM2LjAzJTJDMTkuNDQlMkMyMC45NSUyQzY1LjQ1JTJDNjQlMkMxMDEuMTFjNDcuNDUlMkMzOS4zJTJDMTAxLjA1JTJDNDIuOCUyQzEzMy43OSUyQzQ0Ljk0YzYzLjA0JTJDNC4xMiUyQzExNS41Ny0xMy42JTJDMTY1LjExLTMwLjMlMjAlMjAlMjAlMjAlMjAlMjAlMjAlMjBjNS41OS0xLjg5JTJDMjMuNTktOC44NiUyQzU5LjU3LTIyLjgxYzEwMC4yMy0zOC44NSUyQzk5LjMzLTQwLjI3JTJDMTIyLjIxLTQ3LjMyYzQxLjE4LTEyLjY5JTJDODAuNTEtMjQuOCUyQzEzMy4xMS0yMS43OSUyMCUyMCUyMCUyMCUyMCUyMCUyMCUyMGMxOS44MyUyQzEuMTQlMkM2My4wMSUyQzUuNjUlMkMxMTEuNjYlMkMyOC45NGM4LjE5JTJDMy45MiUyQzUwLjYlMkMyNC42OCUyQzg4LjUxJTJDNjQuMzRjNS42NiUyQzUuOTIlMkMxMC4zOCUyQzExLjM5JTJDMTIuNiUyQzEzLjk2JTIwJTIwJTIwJTIwJTIwJTIwJTIwJTIwYzIzLjc4JTJDMjcuNTklMkMzOS41JTJDNTIuOTQlMkM0OS4zNiUyQzcwLjgxJTIyJTIwc3R5bGUlM0QlMjJhbmltYXRpb24tZHVyYXRpb24lM0ElMjA3cyUzQiUyMGFuaW1hdGlvbi1kZWxheSUzQSUyMDEwMG1zJTNCJTIyJTNFJTNDJTJGcGF0aCUzRSUzQ3BhdGglMjBjbGFzcyUzRCUyMmFwcGVhci1hbmltYXRpb24lMjBhbmltYXRlZCUyMGN1c3RvbUxpbmVzMWFuaW0lMjBhcHBlYXItYW5pbWF0aW9uLXZpc2libGUlMjIlMjBkYXRhLXBsdWdpbi1vcHRpb25zJTNEJTIyJTdCJTI3YWNjWSUyNyUzQSUyMC01MDAlMkMlMjAlMjdmb3JjZUFuaW1hdGlvbiUyNyUzQSUyMHRydWUlN0QlMjIlMjBkYXRhLWFwcGVhci1hbmltYXRpb24lM0QlMjJjdXN0b21MaW5lczFhbmltJTIyJTIwZGF0YS1hcHBlYXItYW5pbWF0aW9uLWRlbGF5JTNEJTIyMTAwJTIyJTIwZGF0YS1hcHBlYXItYW5pbWF0aW9uLWR1cmF0aW9uJTNEJTIyN3MlMjIlMjBmaWxsJTNEJTIybm9uZSUyMiUyMHN0cm9rZSUzRCUyMiUyM2Q4ZDhkOCUyMiUyMHN0cm9rZS13aWR0aCUzRCUyMjJweCUyMiUyMHN0cm9rZS1taXRlcmxpbWl0JTNEJTIyMTAlMjIlMjBkJTNEJTIyTTE0OS40JTJDNjguMTJjNi41NyUyQzguODYlMkMxNC45JTJDMjAuOTUlMkMyMy40OSUyQzM1LjkxYzQuMjklMkM3LjQ4JTJDMTkuNjclMkMzNC44OSUyQzMyLjE3JTJDNzMuNTMlMjAlMjAlMjAlMjAlMjAlMjAlMjAlMjBjNi43MiUyQzIwLjc3JTJDMjEuOTMlMkM2OS4yMiUyQzIwLjYlMkMxMzMuMjhjLTEuMyUyQzYyLjA2LTE3LjQ5JTJDMTA4LjE3LTI4Ljk0JTJDMTM5LjkxYy0xMC44NCUyQzMwLjA4LTI0LjkzJTJDNTguNzUtNTMuMTElMkMxMTYuMDklMjAlMjAlMjAlMjAlMjAlMjAlMjAlMjBjLTIwLjY4JTJDNDIuMDgtMjMuOTQlMkM0NS43Mi0zMy43JTJDNjkuMTFjLTEyLjAxJTJDMjguNzctMjYuMSUyQzYzLjA5LTMzLjAyJTJDMTA4LjZjLTUuMDElMkMzMi45MS0xMC42NCUyQzY5LjkyJTJDMS43JTJDMTE1LjQlMjAlMjAlMjAlMjAlMjAlMjAlMjAlMjBjNS41JTJDMjAuMjclMkMxNy4wOCUyQzYwLjk0JTJDNTMuNDUlMkM5NC42NGM0Mi41NSUyQzM5LjQzJTJDOTMuMDYlMkM0NS4yOCUyQzExOS40OSUyQzQ4LjM0YzU0LjM2JTJDNi4yOSUyQzk4Ljk0LTYuODclMkMxNDYuMDQtMjAuNzclMjAlMjAlMjAlMjAlMjAlMjAlMjAlMjBjMTQuNTYtNC4zJTJDMzEuMjctMTAuNTglMkM2NC42OC0yMy4xNWM5MC42NC0zNC4wOSUyQzk0LjEyLTQwLjU3JTJDMTMzLjQ1LTUxLjc0YzMzLjgxLTkuNjElMkM3MS42OS0yMC4zNyUyQzEyMi4yMS0xNi42OCUyMCUyMCUyMCUyMCUyMCUyMCUyMCUyMGM1OC44MyUyQzQuMyUyQzk5LjgzJTJDMjUuNjQlMkMxMDcuOTElMkMyOS45NmM0MC4wMiUyQzIxLjM5JTJDNjUuNyUyQzQ5LjE2JTJDNzcuOTYlMkM2Mi42NGM4LjM1JTJDOS4xOCUyQzE0Ljg0JTJDMTcuMzklMkMxOS40JTJDMjMuNDklMjIlMjBzdHlsZSUzRCUyMmFuaW1hdGlvbi1kdXJhdGlvbiUzQSUyMDdzJTNCJTIwYW5pbWF0aW9uLWRlbGF5JTNBJTIwMTAwbXMlM0IlMjIlM0UlM0MlMkZwYXRoJTNFJTNDcGF0aCUyMGNsYXNzJTNEJTIyYXBwZWFyLWFuaW1hdGlvbiUyMGFuaW1hdGVkJTIwY3VzdG9tTGluZXMxYW5pbSUyMGFwcGVhci1hbmltYXRpb24tdmlzaWJsZSUyMiUyMGRhdGEtcGx1Z2luLW9wdGlvbnMlM0QlMjIlN0IlMjdhY2NZJTI3JTNBJTIwLTUwMCUyQyUyMCUyN2ZvcmNlQW5pbWF0aW9uJTI3JTNBJTIwdHJ1ZSU3RCUyMiUyMGRhdGEtYXBwZWFyLWFuaW1hdGlvbiUzRCUyMmN1c3RvbUxpbmVzMWFuaW0lMjIlMjBkYXRhLWFwcGVhci1hbmltYXRpb24tZGVsYXklM0QlMjIxMDAlMjIlMjBkYXRhLWFwcGVhci1hbmltYXRpb24tZHVyYXRpb24lM0QlMjI3cyUyMiUyMGZpbGwlM0QlMjJub25lJTIyJTIwc3Ryb2tlJTNEJTIyJTIzZDhkOGQ4JTIyJTIwc3Ryb2tlLXdpZHRoJTNEJTIyMnB4JTIyJTIwc3Ryb2tlLW1pdGVybGltaXQlM0QlMjIxMCUyMiUyMGQlM0QlMjJNMTc5LjY5JTJDMTAxLjE0YzYuNzUlMkM5Ljc0JTJDMTMuNTIlMkMyMC40JTJDMjAuMDklMkMzMmMyMi43OSUyQzQwLjI3JTJDMzMuMSUyQzc0LjIzJTJDMzUuNCUyQzgyLjA0JTIwJTIwJTIwJTIwJTIwJTIwJTIwJTIwYzUuMzMlMkMxOC4wOCUyQzE1LjYlMkM1OC4yMSUyQzE0LjY0JTJDMTEwLjNjLTAuMjQlMkMxMi45Mi0xLjg4JTJDNjUuMDMtMjQuODUlMkMxMjcuMzJjLTMuMSUyQzguNDItNy43NCUyQzE4Ljg5LTE3LjAyJTJDMzkuODMlMjAlMjAlMjAlMjAlMjAlMjAlMjAlMjBjLTI1LjY1JTJDNTcuODgtMzYuNTclMkM3NS4xMS01Mi40MyUyQzExMC4zYy0xOC4xMiUyQzQwLjE5LTMxLjI4JTJDNjkuMzktMzkuODMlMkMxMTAuNjRjLTcuMiUyQzM0LjczLTE1LjQxJTJDNzQuMzMtMi4zOCUyQzEyMi4yMSUyMCUyMCUyMCUyMCUyMCUyMCUyMCUyMGM0LjU1JTJDMTYuNzMlMkMxNC40MyUyQzUxLjM4JTJDNDQuOTQlMkM4Mi4wNGMzNS42NyUyQzM1Ljg1JTJDNzguMTElMkM0NC42OSUyQzEwMC40MyUyQzQ5LjAyYzU4LjUzJTJDMTEuMzclMkMxMDcuMjMtMy40NiUyQzE1Ni4yNi0xOC4zOCUyMCUyMCUyMCUyMCUyMCUyMCUyMCUyMGMyNC40Mi03LjQ0JTJDMTUuOTMtNi43NyUyQzg2LjQ3LTMzLjdjMTAzLjQ2LTM5LjUlMkMxMjkuOTctNDQuMDYlMkMxNDIuOTgtNDUuOTZjMjguNy00LjE4JTJDNjEuNjUtOC42NiUyQzEwMy4xNSUyQzEuMDIlMjAlMjAlMjAlMjAlMjAlMjAlMjAlMjBjNy45NiUyQzEuODYlMkM0Ny43MyUyQzExLjU5JTJDOTAuMjElMkM0Mi41NWMzMC45MSUyQzIyLjUzJTJDNTAuODglMkM0Ny4yOSUyQzYyLjY0JTJDNjQuMzQlMjIlMjBzdHlsZSUzRCUyMmFuaW1hdGlvbi1kdXJhdGlvbiUzQSUyMDdzJTNCJTIwYW5pbWF0aW9uLWRlbGF5JTNBJTIwMTAwbXMlM0IlMjIlM0UlM0MlMkZwYXRoJTNFJTNDcGF0aCUyMGNsYXNzJTNEJTIyYXBwZWFyLWFuaW1hdGlvbiUyMGFuaW1hdGVkJTIwY3VzdG9tTGluZXMxYW5pbSUyMGFwcGVhci1hbmltYXRpb24tdmlzaWJsZSUyMiUyMGRhdGEtcGx1Z2luLW9wdGlvbnMlM0QlMjIlN0IlMjdhY2NZJTI3JTNBJTIwLTUwMCUyQyUyMCUyN2ZvcmNlQW5pbWF0aW9uJTI3JTNBJTIwdHJ1ZSU3RCUyMiUyMGRhdGEtYXBwZWFyLWFuaW1hdGlvbiUzRCUyMmN1c3RvbUxpbmVzMWFuaW0lMjIlMjBkYXRhLWFwcGVhci1hbmltYXRpb24tZGVsYXklM0QlMjIxMDAlMjIlMjBkYXRhLWFwcGVhci1hbmltYXRpb24tZHVyYXRpb24lM0QlMjI3cyUyMiUyMGZpbGwlM0QlMjJub25lJTIyJTIwc3Ryb2tlJTNEJTIyJTIzZDhkOGQ4JTIyJTIwc3Ryb2tlLXdpZHRoJTNEJTIyMnB4JTIyJTIwc3Ryb2tlLW1pdGVybGltaXQlM0QlMjIxMCUyMiUyMGQlM0QlMjJNMjA4Ljg5JTJDMTMzLjU3YzcuNDIlMkM5LjM3JTJDMTUuMDElMkMyMC4xNSUyQzIyLjIxJTJDMzIuNDNjMjEuNzUlMkMzNy4wNCUyQzI5LjM4JTJDNjkuNjYlMkMzMy45NiUyQzg5Ljg3JTIwJTIwJTIwJTIwJTIwJTIwJTIwJTIwYzQuNjklMkMyMC43MyUyQzEzLjkyJTJDNjMuMjYlMkM3LjQlMkMxMTcuOTZjLTQuODQlMkM0MC41OC0xNi4xOCUyQzY5Ljc0LTI4LjA5JTJDMTAwLjM0Yy0xMS45MSUyQzMwLjYxLTE1LjM4JTJDMzEuNzYtNDIuMzglMkM4OS4xMSUyMCUyMCUyMCUyMCUyMCUyMCUyMCUyMGMtMjQuNjYlMkM1Mi4zNy0zNi45OSUyQzc4LjU2LTQ0LjY4JTJDMTA1LjQ1Yy04LjQ5JTJDMjkuNjYtMTguNiUyQzY2LjM3LTEzLjI4JTJDMTEzLjM2YzIuNjUlMkMyMy4zNSUyQzYuMDYlMkM1My40MSUyQzI3LjA2JTJDODQlMjAlMjAlMjAlMjAlMjAlMjAlMjAlMjBjMjguNzUlMkM0MS44NyUyQzcwLjk4JTJDNTYuMzUlMkM4Ni44MSUyQzYxLjUzYzM1Ljc5JTJDMTEuNzElMkM2NS4zNyUyQzguOTklMkM5My4xOSUyQzYuMTNjMTUtMS41NCUyQzQ0LTUuNTQlMkMxMzkuOTEtNDIuMzglMjAlMjAlMjAlMjAlMjAlMjAlMjAlMjBjNzIuMjYtMjcuNzYlMkM4MS40Ni0zNS4zNSUyQzEyMC43Ny00My45MWMyNy4yNi01Ljk0JTJDNTQuNjktMTEuNjglMkM5MS4xNS04LjE3YzU1LjYzJTJDNS4zNiUyQzkzLjgxJTJDMjguNTYlMkMxMDIuMzglMkMzMy45NiUyMCUyMCUyMCUyMCUyMCUyMCUyMCUyMGMzNi4xMiUyQzIyLjczJTJDNTcuNTclMkM1MC45OSUyQzY2LjM4JTJDNjIuODFjMy44NiUyQzUuMTclMkM2Ljg4JTJDOS42MyUyQzguOTQlMkMxMi43NyUyMiUyMHN0eWxlJTNEJTIyYW5pbWF0aW9uLWR1cmF0aW9uJTNBJTIwN3MlM0IlMjBhbmltYXRpb24tZGVsYXklM0ElMjAxMDBtcyUzQiUyMiUzRSUzQyUyRnBhdGglM0UlM0MlMkZzdmclM0U=[\/vc_raw_html][vc_row_inner content_placement=&#8221;middle&#8221; css=&#8221;.vc_custom_1653427023586{margin-top: 60px !important;margin-bottom: 43px !important;}&#8221;][vc_column_inner offset=&#8221;vc_col-md-3&#8243;]<div class=\"porto-u-heading text-lg-end  wpb_custom_9aa7ed6c767350afe851af1c02b6da03 porto-u-5646\" data-appear-animation=\"fadeInUp\" data-appear-animation-delay=\"1100\"><div class=\"porto-u-sub-heading\" style=\"color: #ffffff;\">Bateks ile<br \/>\n<span class=\"position-relative p-1 custom-highlight-1 custom-highlight-1-tertiary font-weight-extra-bold\">Kaliteli \u00c7\u00f6z\u00fcmler<\/span><\/div><style>.porto-u-5646.porto-u-heading{text-align:left}<\/style><\/div>[\/vc_column_inner][vc_column_inner offset=&#8221;vc_col-md-6&#8243;][vc_custom_heading text=&#8221;&#8220;Bize g\u00f6re, her \u00fcr\u00fcn verilmi\u015f bir s\u00f6zd\u00fcr. Kaliteli \u00fcr\u00fcn ise yerine getirilmi\u015f bir s\u00f6z\u2026\u201d&#8221; font_container=&#8221;tag:p|text_align:left|color:%23ffffff&#8221; use_theme_fonts=&#8221;yes&#8221; css=&#8221;.vc_custom_1696773819549{margin-bottom: 17px !important;}&#8221; el_class=&#8221;pl-lg-5&#8243;][\/vc_column_inner][vc_column_inner el_class=&#8221;text-lg-end&#8221; offset=&#8221;vc_col-md-3&#8243;][\/vc_column_inner][\/vc_row_inner][\/vc_column][\/vc_row][vc_row wrap_container=&#8221;yes&#8221; conditional_render=&#8221;%5B%7B%22value_role%22%3A%22administrator%22%7D%5D&#8221; css=&#8221;.vc_custom_1653427944296{margin-top: 88px !important;margin-bottom: 60px !important;}&#8221;][vc_column offset=&#8221;vc_col-md-6&#8243; conditional_render=&#8221;%5B%7B%22value_role%22%3A%22administrator%22%7D%5D&#8221; css=&#8221;.vc_custom_1653427963077{margin-bottom: 22px !important;}&#8221;]<div class=\"porto-u-heading mb-3 m-t-sm  wpb_custom_019f285353d3f6748f1361c0a936a012 porto-u-6541\"><div class=\"porto-u-main-heading\"><h2   style=\"color:#000000;margin-bottom: 10px;\">25 Y\u0131l\u0131 A\u015fk\u0131n Tecr\u00fcbe<\/h2><\/div><div class=\"porto-u-sub-heading\" style=\"color: #3e3e3e;\">Referanslar<\/div><style>.porto-u-6541.porto-u-heading{text-align:left}<\/style><\/div>[vc_custom_heading text=&#8221;Bateks&#8217;in m\u00fckemmellik ve ahlaki standartlara olan ba\u011fl\u0131l\u0131\u011f\u0131, H&amp;M, TESCO, INDITEX, HUNKEM\u00d6LLER ve TOP SHOP dahil olmak \u00fczere d\u00fcnyan\u0131n en b\u00fcy\u00fck giyim markalar\u0131ndan \u00e7ok say\u0131da \u00f6d\u00fcl ald\u0131.&#8221; font_container=&#8221;tag:p|text_align:left&#8221; use_theme_fonts=&#8221;yes&#8221; el_class=&#8221;mb-4&#8243;][\/vc_column][vc_column offset=&#8221;vc_col-md-6&#8243; conditional_render=&#8221;%5B%7B%22value_role%22%3A%22administrator%22%7D%5D&#8221; css=&#8221;.vc_custom_1653427970251{margin-bottom: 22px !important;}&#8221;][vc_single_image image=&#8221;3002&#8243; img_size=&#8221;full&#8221; label=&#8221;&#8221;][\/vc_column][\/vc_row]<\/p>\n<\/div>","protected":false},"excerpt":{"rendered":"<p>[vc_row wrap_container=&#8221;yes&#8221; conditional_render=&#8221;%5B%7B%22value_role%22%3A%22administrator%22%7D%5D&#8221; css=&#8221;.vc_custom_1653417936223{margin-top: 72px !important;margin-bottom: 25px !important;}&#8221;][vc_column css=&#8221;.vc_custom_1653334091598{margin-top: 2px !important;margin-bottom: 42px !important;}&#8221; conditional_render=&#8221;%5B%7B%22value_role%22%3A%22administrator%22%7D%5D&#8221; offset=&#8221;vc_col-md-6&#8243;][vc_custom_heading text=&#8221;Bug\u00fcn T\u00fcrkiye&#8217;nin lider i\u00e7 giyim \u00fcreticisi konumunda olan Bateks, 1996 y\u0131l\u0131nda Ay\u015fe Ofluo\u011flu taraf\u0131ndan kuruldu. Firmam\u0131z s\u00fctyen, k\u00fclot, gecelik, pijama, j\u00fcpon, jartiyer, korse, mayo, plaj elbiseleri, erkek boxer ve gecelik \u00e7e\u015fitleri \u00fcretmektedir. Kalite standartlar\u0131n\u0131 y\u00fckseltmeye y\u00f6nelik devam eden \u00e7abalar\u0131n bir [&hellip;]<\/p>\n","protected":false},"author":1,"featured_media":0,"parent":0,"menu_order":0,"comment_status":"closed","ping_status":"closed","template":"","meta":{"footnotes":""},"class_list":["post-45","page","type-page","status-publish","hentry"],"acf":[],"_links":{"self":[{"href":"https:\/\/kurumsal.mixdijital.com\/index.php\/wp-json\/wp\/v2\/pages\/45","targetHints":{"allow":["GET"]}}],"collection":[{"href":"https:\/\/kurumsal.mixdijital.com\/index.php\/wp-json\/wp\/v2\/pages"}],"about":[{"href":"https:\/\/kurumsal.mixdijital.com\/index.php\/wp-json\/wp\/v2\/types\/page"}],"author":[{"embeddable":true,"href":"https:\/\/kurumsal.mixdijital.com\/index.php\/wp-json\/wp\/v2\/users\/1"}],"replies":[{"embeddable":true,"href":"https:\/\/kurumsal.mixdijital.com\/index.php\/wp-json\/wp\/v2\/comments?post=45"}],"version-history":[{"count":4,"href":"https:\/\/kurumsal.mixdijital.com\/index.php\/wp-json\/wp\/v2\/pages\/45\/revisions"}],"predecessor-version":[{"id":3009,"href":"https:\/\/kurumsal.mixdijital.com\/index.php\/wp-json\/wp\/v2\/pages\/45\/revisions\/3009"}],"wp:attachment":[{"href":"https:\/\/kurumsal.mixdijital.com\/index.php\/wp-json\/wp\/v2\/media?parent=45"}],"curies":[{"name":"wp","href":"https:\/\/api.w.org\/{rel}","templated":true}]}}